{"id":183107,"date":"2023-05-18T12:12:09","date_gmt":"2023-05-18T15:12:09","guid":{"rendered":"https:\/\/www.belasis.com.br\/downloads\/"},"modified":"2026-02-18T11:04:36","modified_gmt":"2026-02-18T14:04:36","slug":"downloads","status":"publish","type":"page","link":"https:\/\/www.belasis.com.br\/pt-pt\/downloads\/","title":{"rendered":"Belasis &#8211; Baixar app"},"content":{"rendered":"\t\t<div data-elementor-type=\"wp-page\" data-elementor-id=\"183107\" class=\"elementor elementor-183107 elementor-247\" data-elementor-settings=\"{&quot;element_pack_global_tooltip_width&quot;:{&quot;unit&quot;:&quot;px&quot;,&quot;size&quot;:&quot;&quot;,&quot;sizes&quot;:[]},&quot;element_pack_global_tooltip_width_tablet&quot;:{&quot;unit&quot;:&quot;px&quot;,&quot;size&quot;:&quot;&quot;,&quot;sizes&quot;:[]},&quot;element_pack_global_tooltip_width_mobile&quot;:{&quot;unit&quot;:&quot;px&quot;,&quot;size&quot;:&quot;&quot;,&quot;sizes&quot;:[]},&quot;element_pack_global_tooltip_padding&quot;:{&quot;unit&quot;:&quot;px&quot;,&quot;top&quot;:&quot;&quot;,&quot;right&quot;:&quot;&quot;,&quot;bottom&quot;:&quot;&quot;,&quot;left&quot;:&quot;&quot;,&quot;isLinked&quot;:true},&quot;element_pack_global_tooltip_padding_tablet&quot;:{&quot;unit&quot;:&quot;px&quot;,&quot;top&quot;:&quot;&quot;,&quot;right&quot;:&quot;&quot;,&quot;bottom&quot;:&quot;&quot;,&quot;left&quot;:&quot;&quot;,&quot;isLinked&quot;:true},&quot;element_pack_global_tooltip_padding_mobile&quot;:{&quot;unit&quot;:&quot;px&quot;,&quot;top&quot;:&quot;&quot;,&quot;right&quot;:&quot;&quot;,&quot;bottom&quot;:&quot;&quot;,&quot;left&quot;:&quot;&quot;,&quot;isLinked&quot;:true},&quot;element_pack_global_tooltip_border_radius&quot;:{&quot;unit&quot;:&quot;px&quot;,&quot;top&quot;:&quot;&quot;,&quot;right&quot;:&quot;&quot;,&quot;bottom&quot;:&quot;&quot;,&quot;left&quot;:&quot;&quot;,&quot;isLinked&quot;:true},&quot;element_pack_global_tooltip_border_radius_tablet&quot;:{&quot;unit&quot;:&quot;px&quot;,&quot;top&quot;:&quot;&quot;,&quot;right&quot;:&quot;&quot;,&quot;bottom&quot;:&quot;&quot;,&quot;left&quot;:&quot;&quot;,&quot;isLinked&quot;:true},&quot;element_pack_global_tooltip_border_radius_mobile&quot;:{&quot;unit&quot;:&quot;px&quot;,&quot;top&quot;:&quot;&quot;,&quot;right&quot;:&quot;&quot;,&quot;bottom&quot;:&quot;&quot;,&quot;left&quot;:&quot;&quot;,&quot;isLinked&quot;:true}}\" data-elementor-post-type=\"page\">\n\t\t\t\t\t\t<div class=\"elementor-section elementor-top-section elementor-element elementor-element-3313eee1 animated-fast elementor-section-boxed elementor-section-height-default elementor-section-height-default elementor-invisible\" data-id=\"3313eee1\" data-element_type=\"section\" data-e-type=\"section\" data-settings=\"{&quot;background_background&quot;:&quot;classic&quot;,&quot;animation&quot;:&quot;fadeInUp&quot;}\">\n\t\t\t\t\t\t<div class=\"elementor-container elementor-column-gap-default\">\n\t\t\t\t\t<div class=\"elementor-column elementor-col-50 elementor-top-column elementor-element elementor-element-739819d5\" data-id=\"739819d5\" data-element_type=\"column\" data-e-type=\"column\" data-settings=\"{&quot;background_background&quot;:&quot;classic&quot;}\">\n\t\t\t<div class=\"elementor-widget-wrap elementor-element-populated\">\n\t\t\t\t\t\t<div class=\"elementor-element elementor-element-52cea8f7 elementor-widget elementor-widget-heading\" data-id=\"52cea8f7\" data-element_type=\"widget\" data-e-type=\"widget\" data-widget_type=\"heading.default\">\n\t\t\t\t<div class=\"elementor-widget-container\">\n\t\t\t\t\t<h2 class=\"elementor-heading-title elementor-size-default\">Belasis est\u00e1 dispon\u00edvel para todos os dispositivos<\/h2>\t\t\t\t<\/div>\n\t\t\t\t<\/div>\n\t\t\t\t<div class=\"elementor-element elementor-element-61ee0d67 elementor-widget elementor-widget-text-editor\" data-id=\"61ee0d67\" data-element_type=\"widget\" data-e-type=\"widget\" data-widget_type=\"text-editor.default\">\n\t\t\t\t<div class=\"elementor-widget-container\">\n\t\t\t\t\t\t\t\t\t<p><span style=\"font-weight: 400;\">Belasis \u00e9 um sistema flex\u00edvel, dispon\u00edvel em todos os dispositivos, que oferece uma solu\u00e7\u00e3o simples e eficiente para neg\u00f3cios da beleza e bem-estar.<\/span><\/p>\t\t\t\t\t\t\t\t<\/div>\n\t\t\t\t<\/div>\n\t\t\t\t<div class=\"elementor-section elementor-inner-section elementor-element elementor-element-6fdd1afb elementor-section-boxed elementor-section-height-default elementor-section-height-default\" data-id=\"6fdd1afb\" data-element_type=\"section\" data-e-type=\"section\">\n\t\t\t\t\t\t<div class=\"elementor-container elementor-column-gap-default\">\n\t\t\t\t\t<div class=\"elementor-column elementor-col-50 elementor-inner-column elementor-element elementor-element-19638ee6\" data-id=\"19638ee6\" data-element_type=\"column\" data-e-type=\"column\">\n\t\t\t<div class=\"elementor-widget-wrap elementor-element-populated\">\n\t\t\t\t\t\t<div class=\"elementor-element elementor-element-7d18aae elementor-widget elementor-widget-heading\" data-id=\"7d18aae\" data-element_type=\"widget\" data-e-type=\"widget\" data-widget_type=\"heading.default\">\n\t\t\t\t<div class=\"elementor-widget-container\">\n\t\t\t\t\t<h6 class=\"elementor-heading-title elementor-size-default\">Para iPhone :<\/h6>\t\t\t\t<\/div>\n\t\t\t\t<\/div>\n\t\t\t\t<div class=\"elementor-element elementor-element-1d175aa8 elementor-widget elementor-widget-image\" data-id=\"1d175aa8\" data-element_type=\"widget\" data-e-type=\"widget\" data-widget_type=\"image.default\">\n\t\t\t\t<div class=\"elementor-widget-container\">\n\t\t\t\t\t\t\t\t\t\t\t\t\t\t\t\t<a href=\"https:\/\/apps.apple.com\/br\/app\/belasis-pro\/id1310449315\">\n\t\t\t\t\t\t\t<img decoding=\"async\" width=\"360\" height=\"120\" src=\"https:\/\/s3.us-west-2.amazonaws.com\/site-wp-belasis.com.br\/wp-content\/uploads\/2023\/08\/17111044\/Finance-App-Mobile-AppStore.webp\" class=\"elementor-animation-grow attachment-full size-full wp-image-183115\" alt=\"\" srcset=\"https:\/\/s3.us-west-2.amazonaws.com\/site-wp-belasis.com.br\/wp-content\/uploads\/2023\/08\/17111044\/Finance-App-Mobile-AppStore.webp 360w, https:\/\/s3.us-west-2.amazonaws.com\/site-wp-belasis.com.br\/wp-content\/uploads\/2023\/08\/17111044\/Finance-App-Mobile-AppStore-300x100.webp 300w\" sizes=\"(max-width: 360px) 100vw, 360px\" \/>\t\t\t\t\t\t\t\t<\/a>\n\t\t\t\t\t\t\t\t\t\t\t\t\t\t\t<\/div>\n\t\t\t\t<\/div>\n\t\t\t\t\t<\/div>\n\t\t<\/div>\n\t\t\t\t<div class=\"elementor-column elementor-col-50 elementor-inner-column elementor-element elementor-element-7d14df0e\" data-id=\"7d14df0e\" data-element_type=\"column\" data-e-type=\"column\">\n\t\t\t<div class=\"elementor-widget-wrap elementor-element-populated\">\n\t\t\t\t\t\t<div class=\"elementor-element elementor-element-3836b702 elementor-widget elementor-widget-heading\" data-id=\"3836b702\" data-element_type=\"widget\" data-e-type=\"widget\" data-widget_type=\"heading.default\">\n\t\t\t\t<div class=\"elementor-widget-container\">\n\t\t\t\t\t<h6 class=\"elementor-heading-title elementor-size-default\">Para Android :<\/h6>\t\t\t\t<\/div>\n\t\t\t\t<\/div>\n\t\t\t\t<div class=\"elementor-element elementor-element-46770b56 elementor-widget elementor-widget-image\" data-id=\"46770b56\" data-element_type=\"widget\" data-e-type=\"widget\" data-widget_type=\"image.default\">\n\t\t\t\t<div class=\"elementor-widget-container\">\n\t\t\t\t\t\t\t\t\t\t\t\t\t\t\t\t<a href=\"https:\/\/play.google.com\/store\/apps\/details?id=com.uniom.belasis\">\n\t\t\t\t\t\t\t<img decoding=\"async\" width=\"405\" height=\"120\" src=\"https:\/\/s3.us-west-2.amazonaws.com\/site-wp-belasis.com.br\/wp-content\/uploads\/2023\/08\/17111044\/Finance-App-Mobile-Google-Play.webp\" class=\"elementor-animation-grow attachment-full size-full wp-image-183116\" alt=\"\" srcset=\"https:\/\/s3.us-west-2.amazonaws.com\/site-wp-belasis.com.br\/wp-content\/uploads\/2023\/08\/17111044\/Finance-App-Mobile-Google-Play.webp 405w, https:\/\/s3.us-west-2.amazonaws.com\/site-wp-belasis.com.br\/wp-content\/uploads\/2023\/08\/17111044\/Finance-App-Mobile-Google-Play-300x89.webp 300w\" sizes=\"(max-width: 405px) 100vw, 405px\" \/>\t\t\t\t\t\t\t\t<\/a>\n\t\t\t\t\t\t\t\t\t\t\t\t\t\t\t<\/div>\n\t\t\t\t<\/div>\n\t\t\t\t\t<\/div>\n\t\t<\/div>\n\t\t\t\t\t<\/div>\n\t\t<\/div>\n\t\t\t\t\t<\/div>\n\t\t<\/div>\n\t\t\t\t<div class=\"elementor-column elementor-col-50 elementor-top-column elementor-element elementor-element-5ea83fcd\" data-id=\"5ea83fcd\" data-element_type=\"column\" data-e-type=\"column\" data-settings=\"{&quot;background_background&quot;:&quot;classic&quot;}\">\n\t\t\t<div class=\"elementor-widget-wrap elementor-element-populated\">\n\t\t\t\t\t\t<div class=\"elementor-element elementor-element-79a981dc elementor-widget elementor-widget-image\" data-id=\"79a981dc\" data-element_type=\"widget\" data-e-type=\"widget\" data-widget_type=\"image.default\">\n\t\t\t\t<div class=\"elementor-widget-container\">\n\t\t\t\t\t\t\t\t\t\t\t\t\t\t\t<img fetchpriority=\"high\" decoding=\"async\" width=\"929\" height=\"507\" src=\"https:\/\/s3.us-west-2.amazonaws.com\/site-wp-belasis.com.br\/wp-content\/uploads\/2025\/06\/02171722\/Sem-Titulo-1.webp\" class=\"attachment-full size-full wp-image-183114\" alt=\"Interfaces do sistema de gest\u00e3o Belasis em dispositivos m\u00f3vel e desktop, evidenciando a variedade de recursos como agendamento, financeiro e relat\u00f3rios, dispon\u00edveis em diferentes plataformas.\" srcset=\"https:\/\/s3.us-west-2.amazonaws.com\/site-wp-belasis.com.br\/wp-content\/uploads\/2025\/06\/02171722\/Sem-Titulo-1.webp 929w, https:\/\/s3.us-west-2.amazonaws.com\/site-wp-belasis.com.br\/wp-content\/uploads\/2025\/06\/02171722\/Sem-Titulo-1-300x164.webp 300w, https:\/\/s3.us-west-2.amazonaws.com\/site-wp-belasis.com.br\/wp-content\/uploads\/2025\/06\/02171722\/Sem-Titulo-1-768x419.webp 768w, https:\/\/s3.us-west-2.amazonaws.com\/site-wp-belasis.com.br\/wp-content\/uploads\/2025\/06\/02171722\/Sem-Titulo-1-650x355.webp 650w\" sizes=\"(max-width: 929px) 100vw, 929px\" \/>\t\t\t\t\t\t\t\t\t\t\t\t\t\t\t<\/div>\n\t\t\t\t<\/div>\n\t\t\t\t\t<\/div>\n\t\t<\/div>\n\t\t\t\t\t<\/div>\n\t\t<\/div>\n\t\t\t\t<section class=\"elementor-section elementor-top-section elementor-element elementor-element-30efcf18 elementor-section-boxed elementor-section-height-default elementor-section-height-default\" data-id=\"30efcf18\" data-element_type=\"section\" data-e-type=\"section\">\n\t\t\t\t\t\t<div class=\"elementor-container elementor-column-gap-default\">\n\t\t\t\t\t<div class=\"elementor-column elementor-col-50 elementor-top-column elementor-element elementor-element-63d8928d\" data-id=\"63d8928d\" data-element_type=\"column\" data-e-type=\"column\">\n\t\t\t<div class=\"elementor-widget-wrap elementor-element-populated\">\n\t\t\t\t\t\t<div class=\"elementor-element elementor-element-205a2fd6 elementor-widget__width-auto elementor-widget elementor-widget-heading\" data-id=\"205a2fd6\" data-element_type=\"widget\" data-e-type=\"widget\" data-widget_type=\"heading.default\">\n\t\t\t\t<div class=\"elementor-widget-container\">\n\t\t\t\t\t<h4 class=\"elementor-heading-title elementor-size-default\">S\u00f3 para Google Chrome<\/h4>\t\t\t\t<\/div>\n\t\t\t\t<\/div>\n\t\t\t\t<div class=\"elementor-element elementor-element-5e71ec3a elementor-widget elementor-widget-heading\" data-id=\"5e71ec3a\" data-element_type=\"widget\" data-e-type=\"widget\" data-widget_type=\"heading.default\">\n\t\t\t\t<div class=\"elementor-widget-container\">\n\t\t\t\t\t<h2 class=\"elementor-heading-title elementor-size-default\">CRM no WhatsApp<\/h2>\t\t\t\t<\/div>\n\t\t\t\t<\/div>\n\t\t\t\t<div class=\"elementor-element elementor-element-56c0e4a elementor-widget elementor-widget-text-editor\" data-id=\"56c0e4a\" data-element_type=\"widget\" data-e-type=\"widget\" data-widget_type=\"text-editor.default\">\n\t\t\t\t<div class=\"elementor-widget-container\">\n\t\t\t\t\t\t\t\t\t<p><span style=\"font-weight: 400;\">O CRM no WhatsApp \u00e9 uma extens\u00e3o muito pr\u00e1tica para Belasis, que se integra sem esfor\u00e7o ao WhatsApp Web.  <\/span><\/p><p><span style=\"font-weight: 400;\">Isso proporciona acesso ao sistema Belasis, permitindo o registro de clientes, visualiza\u00e7\u00e3o de compromissos e envio automatizado de mensagens.<\/span><\/p>\t\t\t\t\t\t\t\t<\/div>\n\t\t\t\t<\/div>\n\t\t\t\t<div class=\"elementor-element elementor-element-3a3d7121 elementor-widget elementor-widget-button\" data-id=\"3a3d7121\" data-element_type=\"widget\" data-e-type=\"widget\" data-widget_type=\"button.default\">\n\t\t\t\t<div class=\"elementor-widget-container\">\n\t\t\t\t\t\t\t\t\t<div class=\"elementor-button-wrapper\">\n\t\t\t\t\t<a class=\"elementor-button elementor-button-link elementor-size-sm\" href=\"https:\/\/chrome.google.com\/webstore\/detail\/belasis-booster-agenda-e\/jfdmjhlfnfkohmglkagecammcjkcbnoi?hl=pt-BR\">\n\t\t\t\t\t\t<span class=\"elementor-button-content-wrapper\">\n\t\t\t\t\t\t\t\t\t<span class=\"elementor-button-text\">Download<\/span>\n\t\t\t\t\t<\/span>\n\t\t\t\t\t<\/a>\n\t\t\t\t<\/div>\n\t\t\t\t\t\t\t\t<\/div>\n\t\t\t\t<\/div>\n\t\t\t\t\t<\/div>\n\t\t<\/div>\n\t\t\t\t<div class=\"elementor-column elementor-col-50 elementor-top-column elementor-element elementor-element-730fe0d\" data-id=\"730fe0d\" data-element_type=\"column\" data-e-type=\"column\">\n\t\t\t<div class=\"elementor-widget-wrap elementor-element-populated\">\n\t\t\t\t\t\t<div class=\"elementor-element elementor-element-22fd8c3 elementor-widget elementor-widget-image\" data-id=\"22fd8c3\" data-element_type=\"widget\" data-e-type=\"widget\" data-widget_type=\"image.default\">\n\t\t\t\t<div class=\"elementor-widget-container\">\n\t\t\t\t\t\t\t\t\t\t\t\t\t\t\t<img loading=\"lazy\" decoding=\"async\" width=\"1000\" height=\"676\" src=\"https:\/\/s3.us-west-2.amazonaws.com\/site-wp-belasis.com.br\/wp-content\/uploads\/2025\/05\/30175941\/crm-2-1024x692.webp\" class=\"attachment-large size-large wp-image-183117\" alt=\"\" srcset=\"https:\/\/s3.us-west-2.amazonaws.com\/site-wp-belasis.com.br\/wp-content\/uploads\/2025\/05\/30175941\/crm-2-1024x692.webp 1024w, https:\/\/s3.us-west-2.amazonaws.com\/site-wp-belasis.com.br\/wp-content\/uploads\/2025\/05\/30175941\/crm-2-300x203.webp 300w, https:\/\/s3.us-west-2.amazonaws.com\/site-wp-belasis.com.br\/wp-content\/uploads\/2025\/05\/30175941\/crm-2-768x519.webp 768w, https:\/\/s3.us-west-2.amazonaws.com\/site-wp-belasis.com.br\/wp-content\/uploads\/2025\/05\/30175941\/crm-2-650x439.webp 650w, https:\/\/s3.us-west-2.amazonaws.com\/site-wp-belasis.com.br\/wp-content\/uploads\/2025\/05\/30175941\/crm-2.webp 1049w\" sizes=\"(max-width: 1000px) 100vw, 1000px\" \/>\t\t\t\t\t\t\t\t\t\t\t\t\t\t\t<\/div>\n\t\t\t\t<\/div>\n\t\t\t\t<div class=\"elementor-element elementor-element-265abcc elementor-absolute elementor-widget elementor-widget-image\" data-id=\"265abcc\" data-element_type=\"widget\" data-e-type=\"widget\" data-settings=\"{&quot;_position&quot;:&quot;absolute&quot;,&quot;motion_fx_motion_fx_scrolling&quot;:&quot;yes&quot;,&quot;motion_fx_translateY_effect&quot;:&quot;yes&quot;,&quot;motion_fx_translateY_speed&quot;:{&quot;unit&quot;:&quot;px&quot;,&quot;size&quot;:1.5,&quot;sizes&quot;:[]},&quot;motion_fx_translateY_affectedRange&quot;:{&quot;unit&quot;:&quot;%&quot;,&quot;size&quot;:&quot;&quot;,&quot;sizes&quot;:{&quot;start&quot;:0,&quot;end&quot;:65}},&quot;motion_fx_devices&quot;:[&quot;desktop&quot;,&quot;tablet&quot;,&quot;mobile&quot;]}\" data-widget_type=\"image.default\">\n\t\t\t\t<div class=\"elementor-widget-container\">\n\t\t\t\t\t\t\t\t\t\t\t\t\t\t\t<img loading=\"lazy\" decoding=\"async\" width=\"1000\" height=\"684\" src=\"https:\/\/s3.us-west-2.amazonaws.com\/site-wp-belasis.com.br\/wp-content\/uploads\/2025\/05\/30171938\/Ativo-19-1024x700.webp\" class=\"attachment-large size-large wp-image-183118\" alt=\"Lista de contatos de clientes em um aplicativo, mostrando nomes de clientes, com seus respectivos n\u00fameros de telefone.\" srcset=\"https:\/\/s3.us-west-2.amazonaws.com\/site-wp-belasis.com.br\/wp-content\/uploads\/2025\/05\/30171938\/Ativo-19-1024x700.webp 1024w, https:\/\/s3.us-west-2.amazonaws.com\/site-wp-belasis.com.br\/wp-content\/uploads\/2025\/05\/30171938\/Ativo-19-300x205.webp 300w, https:\/\/s3.us-west-2.amazonaws.com\/site-wp-belasis.com.br\/wp-content\/uploads\/2025\/05\/30171938\/Ativo-19-768x525.webp 768w, https:\/\/s3.us-west-2.amazonaws.com\/site-wp-belasis.com.br\/wp-content\/uploads\/2025\/05\/30171938\/Ativo-19-1536x1050.webp 1536w, https:\/\/s3.us-west-2.amazonaws.com\/site-wp-belasis.com.br\/wp-content\/uploads\/2025\/05\/30171938\/Ativo-19-2048x1400.webp 2048w, https:\/\/s3.us-west-2.amazonaws.com\/site-wp-belasis.com.br\/wp-content\/uploads\/2025\/05\/30171938\/Ativo-19-650x444.webp 650w\" sizes=\"(max-width: 1000px) 100vw, 1000px\" \/>\t\t\t\t\t\t\t\t\t\t\t\t\t\t\t<\/div>\n\t\t\t\t<\/div>\n\t\t\t\t\t<\/div>\n\t\t<\/div>\n\t\t\t\t\t<\/div>\n\t\t<\/section>\n\t\t\t\t<section class=\"elementor-section elementor-top-section elementor-element elementor-element-2ea9462 elementor-section-boxed elementor-section-height-default elementor-section-height-default\" data-id=\"2ea9462\" data-element_type=\"section\" data-e-type=\"section\">\n\t\t\t\t\t\t<div class=\"elementor-container elementor-column-gap-default\">\n\t\t\t\t\t<div class=\"elementor-column elementor-col-100 elementor-top-column elementor-element elementor-element-3cf5def elementor-invisible\" data-id=\"3cf5def\" data-element_type=\"column\" data-e-type=\"column\" data-settings=\"{&quot;background_background&quot;:&quot;classic&quot;,&quot;animation&quot;:&quot;fadeInUp&quot;}\">\n\t\t\t<div class=\"elementor-widget-wrap elementor-element-populated\">\n\t\t\t\t\t<div class=\"elementor-background-overlay\"><\/div>\n\t\t\t\t\t\t<div class=\"elementor-element elementor-element-95d7bb0 elementor-widget elementor-widget-heading\" data-id=\"95d7bb0\" data-element_type=\"widget\" data-e-type=\"widget\" data-widget_type=\"heading.default\">\n\t\t\t\t<div class=\"elementor-widget-container\">\n\t\t\t\t\t<h3 class=\"elementor-heading-title elementor-size-default\">\u201cJ\u00e1 estava insatisfeita com o agendamento em papel h\u00e1 algum tempo, mas quando contratei mais profissionais, me vi fazendo malabarismos com quatro agendas diferentes e lutando para acompanhar tudo. Foi quando descobri a possibilidade de usar um sistema de agendamento online, o que significou n\u00e3o ter mais problemas com nomes e hor\u00e1rios. A Belasis me ajudou a obter controle total sobre compromissos e faturamento em um s\u00f3 sistema, permitindo identificar lacunas de gerenciamento e profissionalizar ainda mais o espa\u00e7o.\"  <\/h3>\t\t\t\t<\/div>\n\t\t\t\t<\/div>\n\t\t\t\t<div class=\"elementor-element elementor-element-5e8261e bdt-icon-type-image elementor-position-left elementor-vertical-align-middle elementor-widget__width-auto bdt-icon-effect-none elementor-widget elementor-widget-bdt-advanced-icon-box\" data-id=\"5e8261e\" data-element_type=\"widget\" data-e-type=\"widget\" data-widget_type=\"bdt-advanced-icon-box.default\">\n\t\t\t\t<div class=\"elementor-widget-container\">\n\t\t\t\t\t\t\t<div class=\"bdt-ep-advanced-icon-box\">\n\n\t\t\t\t\t\t\t\n\t\t\t\t\t<div class=\"bdt-ep-advanced-icon-box-icon\">\n\t\t\t\t<span class=\"bdt-ep-advanced-icon-box-icon-wrap\">\n\n\n\t\t\t\t\t<img loading=\"lazy\" decoding=\"async\" width=\"1080\" height=\"1154\" src=\"https:\/\/s3.us-west-2.amazonaws.com\/site-wp-belasis.com.br\/wp-content\/uploads\/2023\/08\/17111041\/Snapinsta.app_366967358_18380255392009524_5415828123982608289_n_1080.jpg\" class=\"attachment-full size-full\" alt=\"Estela Romani\" srcset=\"https:\/\/s3.us-west-2.amazonaws.com\/site-wp-belasis.com.br\/wp-content\/uploads\/2023\/08\/17111041\/Snapinsta.app_366967358_18380255392009524_5415828123982608289_n_1080.jpg 1080w, https:\/\/s3.us-west-2.amazonaws.com\/site-wp-belasis.com.br\/wp-content\/uploads\/2023\/08\/17111041\/Snapinsta.app_366967358_18380255392009524_5415828123982608289_n_1080-281x300.jpg 281w, https:\/\/s3.us-west-2.amazonaws.com\/site-wp-belasis.com.br\/wp-content\/uploads\/2023\/08\/17111041\/Snapinsta.app_366967358_18380255392009524_5415828123982608289_n_1080-958x1024.jpg 958w, https:\/\/s3.us-west-2.amazonaws.com\/site-wp-belasis.com.br\/wp-content\/uploads\/2023\/08\/17111041\/Snapinsta.app_366967358_18380255392009524_5415828123982608289_n_1080-768x821.jpg 768w, https:\/\/s3.us-west-2.amazonaws.com\/site-wp-belasis.com.br\/wp-content\/uploads\/2023\/08\/17111041\/Snapinsta.app_366967358_18380255392009524_5415828123982608289_n_1080-608x650.jpg 608w\" sizes=\"(max-width: 1080px) 100vw, 1080px\" \/>\t\t\t\t<\/span>\n\t\t\t<\/div>\n\t\t\n\t\t\t\t\n\t\t\t<div class=\"bdt-ep-advanced-icon-box-content\">\n\n\t\t\t\t\t\t\t\t\t\n\t\t\t\t\t<h4 class=\"bdt-ep-advanced-icon-box-title ep-title-\">\n\t\t\t\t<span >\n\t\t\t\t\tEstela Romani\t\t\t\t<\/span>\n\t\t\t<\/h4>\n\t\t\n\n\t\t\n\t\t\t\t\t\n\t\t\t\t\n\t\t\t\t\t\t\t\t\t<div class=\"bdt-ep-advanced-icon-box-description\">\n\t\t\t\t\t\t<p>Estela Romani Beauty &amp; Co.<\/p>\t\t\t\t\t<\/div>\n\t\t\t\t\n\t\t\t\t\t\t\t<\/div>\n\t\t<\/div>\n\n\t\t\n\t\t\n\t\t\t\t<\/div>\n\t\t\t\t<\/div>\n\t\t\t\t\t<\/div>\n\t\t<\/div>\n\t\t\t\t\t<\/div>\n\t\t<\/section>\n\t\t\t\t<\/div>\n\t\t","protected":false},"excerpt":{"rendered":"<p>Belasis est\u00e1 dispon\u00edvel para todos os dispositivos Belasis \u00e9 um [&hellip;]<\/p>\n","protected":false},"author":1,"featured_media":0,"parent":0,"menu_order":0,"comment_status":"closed","ping_status":"closed","template":"","meta":{"footnotes":""},"class_list":["post-183107","page","type-page","status-publish","hentry"],"jetpack_sharing_enabled":true,"_links":{"self":[{"href":"https:\/\/www.belasis.com.br\/pt-pt\/wp-json\/wp\/v2\/pages\/183107","targetHints":{"allow":["GET"]}}],"collection":[{"href":"https:\/\/www.belasis.com.br\/pt-pt\/wp-json\/wp\/v2\/pages"}],"about":[{"href":"https:\/\/www.belasis.com.br\/pt-pt\/wp-json\/wp\/v2\/types\/page"}],"author":[{"embeddable":true,"href":"https:\/\/www.belasis.com.br\/pt-pt\/wp-json\/wp\/v2\/users\/1"}],"replies":[{"embeddable":true,"href":"https:\/\/www.belasis.com.br\/pt-pt\/wp-json\/wp\/v2\/comments?post=183107"}],"version-history":[{"count":2,"href":"https:\/\/www.belasis.com.br\/pt-pt\/wp-json\/wp\/v2\/pages\/183107\/revisions"}],"predecessor-version":[{"id":183120,"href":"https:\/\/www.belasis.com.br\/pt-pt\/wp-json\/wp\/v2\/pages\/183107\/revisions\/183120"}],"wp:attachment":[{"href":"https:\/\/www.belasis.com.br\/pt-pt\/wp-json\/wp\/v2\/media?parent=183107"}],"curies":[{"name":"wp","href":"https:\/\/api.w.org\/{rel}","templated":true}]}}